{"id":18,"date":"2023-03-13T07:01:49","date_gmt":"2023-03-13T06:01:49","guid":{"rendered":"https:\/\/massagepraxis-leuzinger.ch\/site\/?page_id=18"},"modified":"2024-12-21T16:50:14","modified_gmt":"2024-12-21T15:50:14","slug":"klassische-massage","status":"publish","type":"page","link":"https:\/\/massagepraxis-leuzinger.ch\/site\/","title":{"rendered":"Wohltuende Massagen in Bern"},"content":{"rendered":"\n<h1 class=\"wp-block-heading\">Entspannung f\u00fcr K\u00f6rper und Geist<\/h1>\n\n\n\n<h2 class=\"wp-block-heading\">Ihre erfahrene Masseurin<\/h2>\n\n\n\n<h3 class=\"wp-block-heading\"><em>Pers\u00f6nliche Beratung f\u00fcr Ihr Wohlbefinden<\/em><\/h3>\n\n\n\n<p>Ich heisse Sie herzlich Willkommen auf meiner Webseite. Als erfahrene und einf\u00fchlsame Masseurin biete ich Ihnen eine Vielzahl an wohltuenden Massagen, um K\u00f6rper und Geist in Einklang zu bringen und Ihre Gesundheit zu f\u00f6rdern. Dabei lege ich besonderen Wert auf eine pers\u00f6nliche Betreuung und individuelle Beratung.<\/p>\n\n\n\n<figure class=\"wp-block-image size-large\"><img loading=\"lazy\" decoding=\"async\" width=\"1024\" height=\"682\" src=\"https:\/\/massagepraxis-leuzinger.ch\/site\/wp-content\/uploads\/2023\/03\/19S_9000-HG-1024x682.jpg\" alt=\"Foto Andrea Kammerbauer-Leuzinger\" class=\"wp-image-220\" srcset=\"https:\/\/massagepraxis-leuzinger.ch\/site\/wp-content\/uploads\/2023\/03\/19S_9000-HG-1024x682.jpg 1024w, https:\/\/massagepraxis-leuzinger.ch\/site\/wp-content\/uploads\/2023\/03\/19S_9000-HG-300x200.jpg 300w, https:\/\/massagepraxis-leuzinger.ch\/site\/wp-content\/uploads\/2023\/03\/19S_9000-HG-768x512.jpg 768w, https:\/\/massagepraxis-leuzinger.ch\/site\/wp-content\/uploads\/2023\/03\/19S_9000-HG-1536x1024.jpg 1536w, https:\/\/massagepraxis-leuzinger.ch\/site\/wp-content\/uploads\/2023\/03\/19S_9000-HG.jpg 2000w\" sizes=\"auto, (max-width: 1024px) 100vw, 1024px\" \/><figcaption class=\"wp-element-caption\">Andrea Kammerbauer-Leuzinger<\/figcaption><\/figure>\n\n\n\n<div class=\"wp-block-query is-layout-flow wp-block-query-is-layout-flow\"><\/div>\n\n\n\n<figure class=\"wp-block-image size-large\"><img loading=\"lazy\" decoding=\"async\" width=\"1024\" height=\"682\" src=\"https:\/\/massagepraxis-leuzinger.ch\/site\/wp-content\/uploads\/2023\/03\/19S_9075-1024x682.jpg\" alt=\"Foto meines Praxisraums\" class=\"wp-image-214\" srcset=\"https:\/\/massagepraxis-leuzinger.ch\/site\/wp-content\/uploads\/2023\/03\/19S_9075-1024x682.jpg 1024w, https:\/\/massagepraxis-leuzinger.ch\/site\/wp-content\/uploads\/2023\/03\/19S_9075-300x200.jpg 300w, https:\/\/massagepraxis-leuzinger.ch\/site\/wp-content\/uploads\/2023\/03\/19S_9075-768x512.jpg 768w, https:\/\/massagepraxis-leuzinger.ch\/site\/wp-content\/uploads\/2023\/03\/19S_9075-1536x1024.jpg 1536w, https:\/\/massagepraxis-leuzinger.ch\/site\/wp-content\/uploads\/2023\/03\/19S_9075.jpg 2000w\" sizes=\"auto, (max-width: 1024px) 100vw, 1024px\" \/><figcaption class=\"wp-element-caption\">Mein Praxisraum<\/figcaption><\/figure>\n\n\n\n<h2 class=\"wp-block-heading\">\u00dcbersicht \u00fcber meine Massageleistungen <\/h2>\n\n\n\n<div class=\"wp-block-media-text alignwide is-stacked-on-mobile\"><figure class=\"wp-block-media-text__media\"><\/figure><div class=\"wp-block-media-text__content\">\n<h3 class=\"wp-block-heading\"><a href=\"https:\/\/massagepraxis-leuzinger.ch\/site\/klassische-massage\/beitrag\/\"><strong>Klassische Massage<\/strong><\/a><\/h3>\n\n\n\n<h3 class=\"wp-block-heading\"><em>Klassische Massage in Bern \u2013 L\u00f6sen von Verspannungen und Regeneration<\/em><\/h3>\n\n\n\n<p>Die klassische Massage ist ideal zur Entspannung, Erholung und Regeneration des K\u00f6rpers.<\/p>\n\n\n\n<p>Mit den verschiedensten Massagetechniken, von kr\u00e4ftig bis weich, langsam bis schnell, l\u00f6st diese Behandlung verspannte Muskulatur, lockert das Gewebe, f\u00f6rdert die Durchblutung und f\u00fchrt zur Entspannung, Erholung und nicht zuletzt wird die Leistungsbereitschaft verbessert und das Verletzungsrisiko vermindert.<\/p>\n\n\n\n<p>Die klassische Massage kann mit anderen Massagen auf Wunsch kombiniert werden.<\/p>\n<\/div><\/div>\n\n\n\n<div class=\"wp-block-media-text alignwide has-media-on-the-right is-stacked-on-mobile\"><div class=\"wp-block-media-text__content\">\n<h3 class=\"wp-block-heading\"><a href=\"https:\/\/massagepraxis-leuzinger.ch\/site\/klassische-massage\/schroepfen\/\"><strong>Schr\u00f6pfen<\/strong><\/a><\/h3>\n\n\n\n<h3 class=\"wp-block-heading\"><em>Schr\u00f6pfen \u2013 Die traditionelle Technik zur F\u00f6rderung der Heilung<\/em><\/h3>\n\n\n\n<p>Eine Therapie, die \u00fcber 5000 Jahre alt ist! <\/p>\n\n\n\n<p>Die Schr\u00f6pfkopfmassage wende ich immer in Kombination mit der klassischen Massage an. Die Haut wird mit \u00d6l einmassiert, sozusagen \u201evorbereitet\u201c. Danach wird mit dem Schr\u00f6pfglas mit Hilfe eines Gummiballes ein Vakuum erzeugt und so auf der einge\u00f6lten Haut festgesaugt und \u201emassiert\u201c. Dabei kann es vorkommen, dass sich auf der behandelten Stelle sogenannte Extravasate (Bluterg\u00fcsse) bilden, die einen starken Reiz bewirken. Dieser Reiz aktiviert die \u00f6rtlichen und allgemeinen k\u00f6rpereigenen Heilkr\u00e4fte und hat dadurch einen entz\u00fcndungshemmenden Effekt.Die Behandlung hat eine durchblutungsf\u00f6rdernde Wirkung, welche sich positiv auf den Stoffwechselprozess aus\u00fcbt. Zudem werden Muskelverspannungen gelockert und entspannt.<\/p>\n<\/div><figure class=\"wp-block-media-text__media\"><\/figure><\/div>\n\n\n\n<div class=\"wp-block-media-text alignwide is-stacked-on-mobile\"><figure class=\"wp-block-media-text__media\"><\/figure><div class=\"wp-block-media-text__content\">\n<h3 class=\"wp-block-heading\"><a href=\"https:\/\/massagepraxis-leuzinger.ch\/site\/klassische-massage\/fussreflexzonenmassage\/\"><strong>Fussreflexzonenmassage<\/strong><\/a><\/h3>\n\n\n\n<h3 class=\"wp-block-heading\"><em>Fussreflexzonenmassage \u2013 Ganzheitliche Entspannung durch Reflexzonen<\/em><\/h3>\n\n\n\n<p>Bei der Fussreflexzonenmassage werden die F\u00fcsse mit \u00d6l geknetet, massiert und die einzelnen Reflexzonen behandelt. Der menschliche K\u00f6rper spiegelt sich in den F\u00fcssen wider und wird in sogenannte Reflexzonen eingeteilt. Durch das gezielte Behandeln dieser Reflexzonen k\u00f6nnen die entsprechenden Bereiche und Funktionen des K\u00f6rpers positiv beeinflusst werden.<\/p>\n<\/div><\/div>\n\n\n\n<div class=\"wp-block-media-text alignwide has-media-on-the-right is-stacked-on-mobile\"><div class=\"wp-block-media-text__content\">\n<h3 class=\"wp-block-heading\"><strong><a href=\"https:\/\/massagepraxis-leuzinger.ch\/site\/klassische-massage\/lomi-lomi\/\">Lomi lomi<\/a> (nur f\u00fcr Frauen)<\/strong><\/h3>\n\n\n\n<h3 class=\"wp-block-heading\"><em>Lomi Lomi Massage \u2013 Hawaiianische Entspannung f\u00fcr Frauen<\/em><\/h3>\n\n\n\n<p>Erleben Sie mit dieser hawaiianischen Entspannungsmassage eine Reise in eine andere Welt!<\/p>\n\n\n\n<p>Durch die Kombination von warmem \u00d6l, langen und flie\u00dfenden Bewegungen mit H\u00e4nden, Ellbogen und Unterarmen werden Ihre Muskeln gelockert und gedehnt.<\/p>\n\n\n\n<p>Sie werden danach wie auf Wolken schweben und gest\u00e4rkt f\u00fcr neue Herausforderungen sein.<\/p>\n<\/div><figure class=\"wp-block-media-text__media\"><\/figure><\/div>\n\n\n\n<div class=\"wp-block-media-text alignwide is-stacked-on-mobile\"><figure class=\"wp-block-media-text__media\"><\/figure><div class=\"wp-block-media-text__content\">\n<h3 class=\"wp-block-heading\"><a href=\"https:\/\/massagepraxis-leuzinger.ch\/site\/klassische-massage\/hot-stone\/\"><strong>Hot Stone<\/strong><\/a><\/h3>\n\n\n\n<h3 class=\"wp-block-heading\"><em>Hot Stone Massage \u2013 W\u00e4rme und Entspannung f\u00fcr tiefe Regeneration<\/em><\/h3>\n\n\n\n<p>F\u00fcr alle \u201eGfr\u00f6rlis\u201c, die sich nach W\u00e4rme und Entspannung sehnen und dem tristen Grau des Winters entfliehen m\u00f6chten, ist diese Massage ein absolutes Muss!<\/p>\n\n\n\n<p>Die Massage kombiniert klassische Massagetechniken mit warmem \u00d6l und heissen Steinen. Dabei werden sanfte, aber auch kr\u00e4ftige Griffe angewendet, um Verspannungen im K\u00f6rper zu l\u00f6sen und das Gewebe zu lockern. Die warmen Steine werden dabei \u00fcber bestimmte K\u00f6rperstellen gefahren, um die Durchblutung zu f\u00f6rdern und tiefe Entspannung zu erm\u00f6glichen.<\/p>\n<\/div><\/div>\n\n\n\n<h2 class=\"wp-block-heading\">Preise und Informationen<\/h2>\n\n\n\n<ul class=\"wp-block-list\">\n<li>30 Minuten: 45 CHF<\/li>\n\n\n\n<li>45 Minuten: 70 CHF<\/li>\n\n\n\n<li>60 Minuten: 90 CHF<\/li>\n<\/ul>\n\n\n\n<p>Hinweis:&nbsp;Bitte beachten Sie, dass&nbsp;die Behandlungskosten von Ihrer Krankenkasse nicht \u00fcbernommen werden.<\/p>\n\n\n\n<p>Weitere Informationen erhalten Sie gerne telefonisch. <a href=\"https:\/\/massagepraxis-leuzinger.ch\/site\/kontakt\/\" data-type=\"page\" data-id=\"27\"><strong>Vereinbaren Sie direkt einen Termin mit mir<\/strong>.<\/a> <\/p>\n","protected":false},"excerpt":{"rendered":"<p>Entspannung f\u00fcr K\u00f6rper und Geist Ihre erfahrene Masseurin Pers\u00f6nliche Beratung f\u00fcr Ihr Wohlbefinden Ich heisse Sie herzlich Willkommen auf meiner Webseite. Als erfahrene und einf\u00fchlsame Masseurin biete ich Ihnen eine Vielzahl an wohltuenden Massagen, um K\u00f6rper und Geist in Einklang zu bringen und Ihre Gesundheit zu f\u00f6rdern. Dabei lege ich besonderen Wert auf eine pers\u00f6nliche [&hellip;]<\/p>\n","protected":false},"author":1,"featured_media":0,"parent":0,"menu_order":0,"comment_status":"closed","ping_status":"closed","template":"","meta":{"footnotes":""},"class_list":["post-18","page","type-page","status-publish","hentry"],"yoast_head":"<!-- This site is optimized with the Yoast SEO Premium plugin v24.1 (Yoast SEO v24.9) - https:\/\/yoast.com\/wordpress\/plugins\/seo\/ -->\n<title>Wohltuende Massagen in Bern - Massagepraxis Kammerbauer-Leuzinger<\/title>\n<meta name=\"description\" content=\"Willkommen auf der Website von Andrea Kammerbauer-Leuzinger. Mein Angebot: Klassische Massage, Sportmassage, Hot Stone, Lomi lomi, Fussreflexzonenmassage.\" \/>\n<meta name=\"robots\" content=\"index, follow, max-snippet:-1, max-image-preview:large, max-video-preview:-1\" \/>\n<link rel=\"canonical\" href=\"https:\/\/massagepraxis-leuzinger.ch\/site\/\" \/>\n<meta property=\"og:locale\" content=\"de_DE\" \/>\n<meta property=\"og:type\" content=\"article\" \/>\n<meta property=\"og:title\" content=\"Wohltuende Massagen in Bern\" \/>\n<meta property=\"og:description\" content=\"Willkommen auf der Website von Andrea Kammerbauer-Leuzinger. Mein Angebot: Klassische Massage, Sportmassage, Hot Stone, Lomi lomi, Fussreflexzonenmassage.\" \/>\n<meta property=\"og:url\" content=\"https:\/\/massagepraxis-leuzinger.ch\/site\/\" \/>\n<meta property=\"og:site_name\" content=\"Massagepraxis Kammerbauer-Leuzinger\" \/>\n<meta property=\"article:modified_time\" content=\"2024-12-21T15:50:14+00:00\" \/>\n<meta property=\"og:image\" content=\"https:\/\/massagepraxis-leuzinger.ch\/site\/wp-content\/uploads\/2023\/03\/19S_9000-HG.jpg\" \/>\n\t<meta property=\"og:image:width\" content=\"2000\" \/>\n\t<meta property=\"og:image:height\" content=\"1333\" \/>\n\t<meta property=\"og:image:type\" content=\"image\/jpeg\" \/>\n<meta name=\"twitter:card\" content=\"summary_large_image\" \/>\n<meta name=\"twitter:label1\" content=\"Gesch\u00e4tzte Lesezeit\" \/>\n\t<meta name=\"twitter:data1\" content=\"4\u00a0Minuten\" \/>\n<script type=\"application\/ld+json\" class=\"yoast-schema-graph\">{\"@context\":\"https:\/\/schema.org\",\"@graph\":[{\"@type\":[\"WebPage\",\"AboutPage\"],\"@id\":\"https:\/\/massagepraxis-leuzinger.ch\/site\/\",\"url\":\"https:\/\/massagepraxis-leuzinger.ch\/site\/\",\"name\":\"Wohltuende Massagen in Bern - Massagepraxis Kammerbauer-Leuzinger\",\"isPartOf\":{\"@id\":\"https:\/\/massagepraxis-leuzinger.ch\/site\/#website\"},\"primaryImageOfPage\":{\"@id\":\"https:\/\/massagepraxis-leuzinger.ch\/site\/#primaryimage\"},\"image\":{\"@id\":\"https:\/\/massagepraxis-leuzinger.ch\/site\/#primaryimage\"},\"thumbnailUrl\":\"https:\/\/massagepraxis-leuzinger.ch\/site\/wp-content\/uploads\/2023\/03\/19S_9000-HG-1024x682.jpg\",\"datePublished\":\"2023-03-13T06:01:49+00:00\",\"dateModified\":\"2024-12-21T15:50:14+00:00\",\"description\":\"Willkommen auf der Website von Andrea Kammerbauer-Leuzinger. Mein Angebot: Klassische Massage, Sportmassage, Hot Stone, Lomi lomi, Fussreflexzonenmassage.\",\"breadcrumb\":{\"@id\":\"https:\/\/massagepraxis-leuzinger.ch\/site\/#breadcrumb\"},\"inLanguage\":\"de\",\"potentialAction\":[{\"@type\":\"ReadAction\",\"target\":[\"https:\/\/massagepraxis-leuzinger.ch\/site\/\"]}]},{\"@type\":\"ImageObject\",\"inLanguage\":\"de\",\"@id\":\"https:\/\/massagepraxis-leuzinger.ch\/site\/#primaryimage\",\"url\":\"https:\/\/massagepraxis-leuzinger.ch\/site\/wp-content\/uploads\/2023\/03\/19S_9000-HG.jpg\",\"contentUrl\":\"https:\/\/massagepraxis-leuzinger.ch\/site\/wp-content\/uploads\/2023\/03\/19S_9000-HG.jpg\",\"width\":2000,\"height\":1333,\"caption\":\"Andrea Kammerbauer-Leuzinger\"},{\"@type\":\"BreadcrumbList\",\"@id\":\"https:\/\/massagepraxis-leuzinger.ch\/site\/#breadcrumb\",\"itemListElement\":[{\"@type\":\"ListItem\",\"position\":1,\"name\":\"Startseite\",\"item\":\"https:\/\/massagepraxis-leuzinger.ch\/site\/\"},{\"@type\":\"ListItem\",\"position\":2,\"name\":\"Wohltuende Massagen in Bern\"}]},{\"@type\":\"WebSite\",\"@id\":\"https:\/\/massagepraxis-leuzinger.ch\/site\/#website\",\"url\":\"https:\/\/massagepraxis-leuzinger.ch\/site\/\",\"name\":\"Massagepraxis Kammerbauer-Leuzinger\",\"description\":\"Wohltuende Massagen geben dem K\u00f6rper Energie.\",\"potentialAction\":[{\"@type\":\"SearchAction\",\"target\":{\"@type\":\"EntryPoint\",\"urlTemplate\":\"https:\/\/massagepraxis-leuzinger.ch\/site\/?s={search_term_string}\"},\"query-input\":{\"@type\":\"PropertyValueSpecification\",\"valueRequired\":true,\"valueName\":\"search_term_string\"}}],\"inLanguage\":\"de\"}]}<\/script>\n<!-- \/ Yoast SEO Premium plugin. -->","yoast_head_json":{"title":"Wohltuende Massagen in Bern - Massagepraxis Kammerbauer-Leuzinger","description":"Willkommen auf der Website von Andrea Kammerbauer-Leuzinger. Mein Angebot: Klassische Massage, Sportmassage, Hot Stone, Lomi lomi, Fussreflexzonenmassage.","robots":{"index":"index","follow":"follow","max-snippet":"max-snippet:-1","max-image-preview":"max-image-preview:large","max-video-preview":"max-video-preview:-1"},"canonical":"https:\/\/massagepraxis-leuzinger.ch\/site\/","og_locale":"de_DE","og_type":"article","og_title":"Wohltuende Massagen in Bern","og_description":"Willkommen auf der Website von Andrea Kammerbauer-Leuzinger. Mein Angebot: Klassische Massage, Sportmassage, Hot Stone, Lomi lomi, Fussreflexzonenmassage.","og_url":"https:\/\/massagepraxis-leuzinger.ch\/site\/","og_site_name":"Massagepraxis Kammerbauer-Leuzinger","article_modified_time":"2024-12-21T15:50:14+00:00","og_image":[{"width":2000,"height":1333,"url":"https:\/\/massagepraxis-leuzinger.ch\/site\/wp-content\/uploads\/2023\/03\/19S_9000-HG.jpg","type":"image\/jpeg"}],"twitter_card":"summary_large_image","twitter_misc":{"Gesch\u00e4tzte Lesezeit":"4\u00a0Minuten"},"schema":{"@context":"https:\/\/schema.org","@graph":[{"@type":["WebPage","AboutPage"],"@id":"https:\/\/massagepraxis-leuzinger.ch\/site\/","url":"https:\/\/massagepraxis-leuzinger.ch\/site\/","name":"Wohltuende Massagen in Bern - Massagepraxis Kammerbauer-Leuzinger","isPartOf":{"@id":"https:\/\/massagepraxis-leuzinger.ch\/site\/#website"},"primaryImageOfPage":{"@id":"https:\/\/massagepraxis-leuzinger.ch\/site\/#primaryimage"},"image":{"@id":"https:\/\/massagepraxis-leuzinger.ch\/site\/#primaryimage"},"thumbnailUrl":"https:\/\/massagepraxis-leuzinger.ch\/site\/wp-content\/uploads\/2023\/03\/19S_9000-HG-1024x682.jpg","datePublished":"2023-03-13T06:01:49+00:00","dateModified":"2024-12-21T15:50:14+00:00","description":"Willkommen auf der Website von Andrea Kammerbauer-Leuzinger. Mein Angebot: Klassische Massage, Sportmassage, Hot Stone, Lomi lomi, Fussreflexzonenmassage.","breadcrumb":{"@id":"https:\/\/massagepraxis-leuzinger.ch\/site\/#breadcrumb"},"inLanguage":"de","potentialAction":[{"@type":"ReadAction","target":["https:\/\/massagepraxis-leuzinger.ch\/site\/"]}]},{"@type":"ImageObject","inLanguage":"de","@id":"https:\/\/massagepraxis-leuzinger.ch\/site\/#primaryimage","url":"https:\/\/massagepraxis-leuzinger.ch\/site\/wp-content\/uploads\/2023\/03\/19S_9000-HG.jpg","contentUrl":"https:\/\/massagepraxis-leuzinger.ch\/site\/wp-content\/uploads\/2023\/03\/19S_9000-HG.jpg","width":2000,"height":1333,"caption":"Andrea Kammerbauer-Leuzinger"},{"@type":"BreadcrumbList","@id":"https:\/\/massagepraxis-leuzinger.ch\/site\/#breadcrumb","itemListElement":[{"@type":"ListItem","position":1,"name":"Startseite","item":"https:\/\/massagepraxis-leuzinger.ch\/site\/"},{"@type":"ListItem","position":2,"name":"Wohltuende Massagen in Bern"}]},{"@type":"WebSite","@id":"https:\/\/massagepraxis-leuzinger.ch\/site\/#website","url":"https:\/\/massagepraxis-leuzinger.ch\/site\/","name":"Massagepraxis Kammerbauer-Leuzinger","description":"Wohltuende Massagen geben dem K\u00f6rper Energie.","potentialAction":[{"@type":"SearchAction","target":{"@type":"EntryPoint","urlTemplate":"https:\/\/massagepraxis-leuzinger.ch\/site\/?s={search_term_string}"},"query-input":{"@type":"PropertyValueSpecification","valueRequired":true,"valueName":"search_term_string"}}],"inLanguage":"de"}]}},"_links":{"self":[{"href":"https:\/\/massagepraxis-leuzinger.ch\/site\/wp-json\/wp\/v2\/pages\/18","targetHints":{"allow":["GET"]}}],"collection":[{"href":"https:\/\/massagepraxis-leuzinger.ch\/site\/wp-json\/wp\/v2\/pages"}],"about":[{"href":"https:\/\/massagepraxis-leuzinger.ch\/site\/wp-json\/wp\/v2\/types\/page"}],"author":[{"embeddable":true,"href":"https:\/\/massagepraxis-leuzinger.ch\/site\/wp-json\/wp\/v2\/users\/1"}],"replies":[{"embeddable":true,"href":"https:\/\/massagepraxis-leuzinger.ch\/site\/wp-json\/wp\/v2\/comments?post=18"}],"version-history":[{"count":34,"href":"https:\/\/massagepraxis-leuzinger.ch\/site\/wp-json\/wp\/v2\/pages\/18\/revisions"}],"predecessor-version":[{"id":291,"href":"https:\/\/massagepraxis-leuzinger.ch\/site\/wp-json\/wp\/v2\/pages\/18\/revisions\/291"}],"wp:attachment":[{"href":"https:\/\/massagepraxis-leuzinger.ch\/site\/wp-json\/wp\/v2\/media?parent=18"}],"curies":[{"name":"wp","href":"https:\/\/api.w.org\/{rel}","templated":true}]}}