{"id":24,"date":"2023-03-13T07:04:53","date_gmt":"2023-03-13T06:04:53","guid":{"rendered":"https:\/\/massagepraxis-leuzinger.ch\/site\/?p=24"},"modified":"2024-12-21T08:11:37","modified_gmt":"2024-12-21T07:11:37","slug":"beitrag","status":"publish","type":"page","link":"https:\/\/massagepraxis-leuzinger.ch\/site\/klassische-massage\/beitrag\/","title":{"rendered":"Klassische Massage"},"content":{"rendered":"\n<h2 class=\"wp-block-heading\">Ihr Weg zu Entspannung und Wohlbefinden<\/h2>\n\n\n\n<p>Die klassische Massage ist eine der bekanntesten Methoden, um Verspannungen zu l\u00f6sen. Sie ist die ideale Behandlung zur Entspannung, Erholung und Regeneration des K\u00f6rpers und kann je nach Bedarf des Klienten angepasst werden.<\/p>\n\n\n\n<h2 class=\"wp-block-heading\">Warum klassische Massage?<\/h2>\n\n\n\n<p>Die klassische Massage ist eine sanfte und entspannende Methode, die durch die Anwendung verschiedener Massagetechniken, von kr\u00e4ftig bis weich, langsam bis schnell, eine optimale Durchblutung f\u00f6rdert. Diese Massage l\u00f6st verspannte Muskulatur, lockert das Gewebe, verbessert die Leistungsbereitschaft und reduziert das Verletzungsrisiko.<\/p>\n\n\n\n<p>Eine klassische Massage kann beispielsweise auch vor oder nach sportlicher Aktivit\u00e4t durchgef\u00fchrt werden, um den K\u00f6rper optimal auf die Belastung vorzubereiten oder sich von ihr zu erholen. <\/p>\n\n\n\n<h2 class=\"wp-block-heading\">F\u00fcr wen eignet sich die klassische Massage?<\/h2>\n\n\n\n<p>Die klassische Massage ist ideal f\u00fcr Menschen, die ihrem K\u00f6rper etwas Gutes tun m\u00f6chten, sei es nach einer anstrengenden Arbeitswoche, nach einer sportlichen Aktivit\u00e4t oder einfach zur allgemeinen Entspannung und Wohlbefinden.<\/p>\n\n\n\n<p>Die klassisische Massage ist ideal f\u00fcr Menschen, die:<\/p>\n\n\n\n<ul class=\"wp-block-list\">\n<li>unter Verspannungen leiden, die durch langes Sitzen oder k\u00f6rperliche Belastung entstehen,<\/li>\n\n\n\n<li>nach k\u00f6rperlicher Anstrengung schneller regenerieren m\u00f6chten,<\/li>\n\n\n\n<li>eine entspannende Auszeit suchen, um den Kopf freizubekommen.<\/li>\n<\/ul>\n\n\n\n<h2 class=\"wp-block-heading\">Wie l\u00e4uft die Behandlung ab?<\/h2>\n\n\n\n<p>In einer entspannten Atmosph\u00e4re beginnt die Sitzung mit einem kurzen Gespr\u00e4ch, um Ihre individuellen Bed\u00fcrfnisse und W\u00fcnsche zu verstehen. Anschlie\u00dfend passe ich die Massage gezielt auf Ihre Anforderungen an. Hochwertige \u00d6le unterst\u00fctzen die sanften, aber wirkungsvollen Bewegungen und sorgen f\u00fcr ein angenehmes Hautgef\u00fchl.<\/p>\n\n\n\n<h2 class=\"wp-block-heading\">Preise und Informationen<\/h2>\n\n\n\n<ul class=\"wp-block-list\">\n<li>30 Minuten: 45 CHF<\/li>\n\n\n\n<li>45 Minuten: 70 CHF<\/li>\n\n\n\n<li>60 Minuten: 90 CHF<\/li>\n<\/ul>\n\n\n\n<p>Hinweis:&nbsp;Bitte beachten Sie, dass&nbsp;die Behandlungskosten von Ihrer Krankenkasse nicht \u00fcbernommen werden.<\/p>\n\n\n\n<p>Weitere Informationen erhalten Sie gerne telefonisch. <a href=\"https:\/\/massagepraxis-leuzinger.ch\/site\/kontakt\/\" data-type=\"page\" data-id=\"27\"><strong>Vereinbaren Sie direkt einen Termin mit mir<\/strong>.<\/a> <\/p>\n","protected":false},"excerpt":{"rendered":"<p>Ihr Weg zu Entspannung und Wohlbefinden Die klassische Massage ist eine der bekanntesten Methoden, um Verspannungen zu l\u00f6sen. Sie ist die ideale Behandlung zur Entspannung, Erholung und Regeneration des K\u00f6rpers und kann je nach Bedarf des Klienten angepasst werden. Warum klassische Massage? Die klassische Massage ist eine sanfte und entspannende Methode, die durch die Anwendung [&hellip;]<\/p>\n","protected":false},"author":1,"featured_media":0,"parent":18,"menu_order":1,"comment_status":"closed","ping_status":"closed","template":"","meta":{"footnotes":""},"class_list":["post-24","page","type-page","status-publish","hentry"],"yoast_head":"<!-- This site is optimized with the Yoast SEO Premium plugin v24.1 (Yoast SEO v24.9) - https:\/\/yoast.com\/wordpress\/plugins\/seo\/ -->\n<title>Klassische Massage - Massagepraxis Kammerbauer-Leuzinger<\/title>\n<meta name=\"description\" content=\"Massagepraxis im Berner Monbijou-Quartier: Klassische Massage, Schr\u00f6pfen, Fussreflexzonenmassage, Lomi Lomi und Hot Stone Massage. F\u00fcr Entspannung und Wohlbefinden. Jetzt Termin vereinbaren!\" \/>\n<meta name=\"robots\" content=\"index, follow, max-snippet:-1, max-image-preview:large, max-video-preview:-1\" \/>\n<link rel=\"canonical\" href=\"https:\/\/massagepraxis-leuzinger.ch\/site\/klassische-massage\/beitrag\/\" \/>\n<meta property=\"og:locale\" content=\"de_DE\" \/>\n<meta property=\"og:type\" content=\"article\" \/>\n<meta property=\"og:title\" content=\"Klassische Massage\" \/>\n<meta property=\"og:description\" content=\"Massagepraxis im Berner Monbijou-Quartier: Klassische Massage, Schr\u00f6pfen, Fussreflexzonenmassage, Lomi Lomi und Hot Stone Massage. F\u00fcr Entspannung und Wohlbefinden. Jetzt Termin vereinbaren!\" \/>\n<meta property=\"og:url\" content=\"https:\/\/massagepraxis-leuzinger.ch\/site\/klassische-massage\/beitrag\/\" \/>\n<meta property=\"og:site_name\" content=\"Massagepraxis Kammerbauer-Leuzinger\" \/>\n<meta property=\"article:modified_time\" content=\"2024-12-21T07:11:37+00:00\" \/>\n<meta name=\"twitter:card\" content=\"summary_large_image\" \/>\n<meta name=\"twitter:label1\" content=\"Gesch\u00e4tzte Lesezeit\" \/>\n\t<meta name=\"twitter:data1\" content=\"3\u00a0Minuten\" \/>\n<script type=\"application\/ld+json\" class=\"yoast-schema-graph\">{\"@context\":\"https:\/\/schema.org\",\"@graph\":[{\"@type\":\"WebPage\",\"@id\":\"https:\/\/massagepraxis-leuzinger.ch\/site\/klassische-massage\/beitrag\/\",\"url\":\"https:\/\/massagepraxis-leuzinger.ch\/site\/klassische-massage\/beitrag\/\",\"name\":\"Klassische Massage - Massagepraxis Kammerbauer-Leuzinger\",\"isPartOf\":{\"@id\":\"https:\/\/massagepraxis-leuzinger.ch\/site\/#website\"},\"datePublished\":\"2023-03-13T06:04:53+00:00\",\"dateModified\":\"2024-12-21T07:11:37+00:00\",\"description\":\"Massagepraxis im Berner Monbijou-Quartier: Klassische Massage, Schr\u00f6pfen, Fussreflexzonenmassage, Lomi Lomi und Hot Stone Massage. F\u00fcr Entspannung und Wohlbefinden. Jetzt Termin vereinbaren!\",\"breadcrumb\":{\"@id\":\"https:\/\/massagepraxis-leuzinger.ch\/site\/klassische-massage\/beitrag\/#breadcrumb\"},\"inLanguage\":\"de\",\"potentialAction\":[{\"@type\":\"ReadAction\",\"target\":[\"https:\/\/massagepraxis-leuzinger.ch\/site\/klassische-massage\/beitrag\/\"]}]},{\"@type\":\"BreadcrumbList\",\"@id\":\"https:\/\/massagepraxis-leuzinger.ch\/site\/klassische-massage\/beitrag\/#breadcrumb\",\"itemListElement\":[{\"@type\":\"ListItem\",\"position\":1,\"name\":\"Startseite\",\"item\":\"https:\/\/massagepraxis-leuzinger.ch\/site\/\"},{\"@type\":\"ListItem\",\"position\":2,\"name\":\"Wohltuende Massagen in Bern\",\"item\":\"https:\/\/massagepraxis-leuzinger.ch\/site\/\"},{\"@type\":\"ListItem\",\"position\":3,\"name\":\"Klassische Massage\"}]},{\"@type\":\"WebSite\",\"@id\":\"https:\/\/massagepraxis-leuzinger.ch\/site\/#website\",\"url\":\"https:\/\/massagepraxis-leuzinger.ch\/site\/\",\"name\":\"Massagepraxis Kammerbauer-Leuzinger\",\"description\":\"Wohltuende Massagen geben dem K\u00f6rper Energie.\",\"potentialAction\":[{\"@type\":\"SearchAction\",\"target\":{\"@type\":\"EntryPoint\",\"urlTemplate\":\"https:\/\/massagepraxis-leuzinger.ch\/site\/?s={search_term_string}\"},\"query-input\":{\"@type\":\"PropertyValueSpecification\",\"valueRequired\":true,\"valueName\":\"search_term_string\"}}],\"inLanguage\":\"de\"}]}<\/script>\n<!-- \/ Yoast SEO Premium plugin. -->","yoast_head_json":{"title":"Klassische Massage - Massagepraxis Kammerbauer-Leuzinger","description":"Massagepraxis im Berner Monbijou-Quartier: Klassische Massage, Schr\u00f6pfen, Fussreflexzonenmassage, Lomi Lomi und Hot Stone Massage. F\u00fcr Entspannung und Wohlbefinden. Jetzt Termin vereinbaren!","robots":{"index":"index","follow":"follow","max-snippet":"max-snippet:-1","max-image-preview":"max-image-preview:large","max-video-preview":"max-video-preview:-1"},"canonical":"https:\/\/massagepraxis-leuzinger.ch\/site\/klassische-massage\/beitrag\/","og_locale":"de_DE","og_type":"article","og_title":"Klassische Massage","og_description":"Massagepraxis im Berner Monbijou-Quartier: Klassische Massage, Schr\u00f6pfen, Fussreflexzonenmassage, Lomi Lomi und Hot Stone Massage. F\u00fcr Entspannung und Wohlbefinden. Jetzt Termin vereinbaren!","og_url":"https:\/\/massagepraxis-leuzinger.ch\/site\/klassische-massage\/beitrag\/","og_site_name":"Massagepraxis Kammerbauer-Leuzinger","article_modified_time":"2024-12-21T07:11:37+00:00","twitter_card":"summary_large_image","twitter_misc":{"Gesch\u00e4tzte Lesezeit":"3\u00a0Minuten"},"schema":{"@context":"https:\/\/schema.org","@graph":[{"@type":"WebPage","@id":"https:\/\/massagepraxis-leuzinger.ch\/site\/klassische-massage\/beitrag\/","url":"https:\/\/massagepraxis-leuzinger.ch\/site\/klassische-massage\/beitrag\/","name":"Klassische Massage - Massagepraxis Kammerbauer-Leuzinger","isPartOf":{"@id":"https:\/\/massagepraxis-leuzinger.ch\/site\/#website"},"datePublished":"2023-03-13T06:04:53+00:00","dateModified":"2024-12-21T07:11:37+00:00","description":"Massagepraxis im Berner Monbijou-Quartier: Klassische Massage, Schr\u00f6pfen, Fussreflexzonenmassage, Lomi Lomi und Hot Stone Massage. F\u00fcr Entspannung und Wohlbefinden. Jetzt Termin vereinbaren!","breadcrumb":{"@id":"https:\/\/massagepraxis-leuzinger.ch\/site\/klassische-massage\/beitrag\/#breadcrumb"},"inLanguage":"de","potentialAction":[{"@type":"ReadAction","target":["https:\/\/massagepraxis-leuzinger.ch\/site\/klassische-massage\/beitrag\/"]}]},{"@type":"BreadcrumbList","@id":"https:\/\/massagepraxis-leuzinger.ch\/site\/klassische-massage\/beitrag\/#breadcrumb","itemListElement":[{"@type":"ListItem","position":1,"name":"Startseite","item":"https:\/\/massagepraxis-leuzinger.ch\/site\/"},{"@type":"ListItem","position":2,"name":"Wohltuende Massagen in Bern","item":"https:\/\/massagepraxis-leuzinger.ch\/site\/"},{"@type":"ListItem","position":3,"name":"Klassische Massage"}]},{"@type":"WebSite","@id":"https:\/\/massagepraxis-leuzinger.ch\/site\/#website","url":"https:\/\/massagepraxis-leuzinger.ch\/site\/","name":"Massagepraxis Kammerbauer-Leuzinger","description":"Wohltuende Massagen geben dem K\u00f6rper Energie.","potentialAction":[{"@type":"SearchAction","target":{"@type":"EntryPoint","urlTemplate":"https:\/\/massagepraxis-leuzinger.ch\/site\/?s={search_term_string}"},"query-input":{"@type":"PropertyValueSpecification","valueRequired":true,"valueName":"search_term_string"}}],"inLanguage":"de"}]}},"_links":{"self":[{"href":"https:\/\/massagepraxis-leuzinger.ch\/site\/wp-json\/wp\/v2\/pages\/24","targetHints":{"allow":["GET"]}}],"collection":[{"href":"https:\/\/massagepraxis-leuzinger.ch\/site\/wp-json\/wp\/v2\/pages"}],"about":[{"href":"https:\/\/massagepraxis-leuzinger.ch\/site\/wp-json\/wp\/v2\/types\/page"}],"author":[{"embeddable":true,"href":"https:\/\/massagepraxis-leuzinger.ch\/site\/wp-json\/wp\/v2\/users\/1"}],"replies":[{"embeddable":true,"href":"https:\/\/massagepraxis-leuzinger.ch\/site\/wp-json\/wp\/v2\/comments?post=24"}],"version-history":[{"count":11,"href":"https:\/\/massagepraxis-leuzinger.ch\/site\/wp-json\/wp\/v2\/pages\/24\/revisions"}],"predecessor-version":[{"id":240,"href":"https:\/\/massagepraxis-leuzinger.ch\/site\/wp-json\/wp\/v2\/pages\/24\/revisions\/240"}],"up":[{"embeddable":true,"href":"https:\/\/massagepraxis-leuzinger.ch\/site\/wp-json\/wp\/v2\/pages\/18"}],"wp:attachment":[{"href":"https:\/\/massagepraxis-leuzinger.ch\/site\/wp-json\/wp\/v2\/media?parent=24"}],"curies":[{"name":"wp","href":"https:\/\/api.w.org\/{rel}","templated":true}]}}