

{"id":27,"date":"2023-03-13T07:07:07","date_gmt":"2023-03-13T06:07:07","guid":{"rendered":"https:\/\/massagepraxis-leuzinger.ch\/site\/?page_id=27"},"modified":"2024-12-21T16:45:03","modified_gmt":"2024-12-21T15:45:03","slug":"kontakt","status":"publish","type":"page","link":"https:\/\/massagepraxis-leuzinger.ch\/site\/kontakt\/","title":{"rendered":"Kontakt"},"content":{"rendered":"\n<h2 class=\"wp-block-heading\">Ihr Weg zur Entspannung beginnt hier<\/h2>\n\n\n\n<p>Haben Sie Fragen oder m\u00f6chten Sie einen Termin vereinbaren? Ich freue mich, von Ihnen zu h\u00f6ren! Meine Praxis befindet sich im Monbijou-Quartier in Bern und bietet Ihnen einen ruhigen, entspannten Ort f\u00fcr Ihre Auszeit.<\/p>\n\n\n\n<h2 class=\"wp-block-heading\">So erreichen Sie mich<\/h2>\n\n\n\n<h3 class=\"wp-block-heading\">Adresse<\/h3>\n\n\n\n<p><strong>Massagepraxis Kammerbauer-Leuzinger<\/strong>*<\/p>\n\n\n\n<p>Andrea Kammerbauer-Leuzinger<\/p>\n\n\n\n<p>Eigerstrasse 70<\/p>\n\n\n\n<p>3007 Bern<\/p>\n\n\n\n<p>*) Bei Praxis &#8222;Somani&#8220; klingeln.<\/p>\n\n\n\n<h3 class=\"wp-block-heading\">Telefon<\/h3>\n\n\n\n<p>076 533 62 35<\/p>\n\n\n\n<h3 class=\"wp-block-heading\">Mail<\/h3>\n\n\n\n<p><a href=\"mailto:info@massagepraxis-leuzinger.ch\">info@massagepraxis-leuzinger.ch<\/a><\/p>\n\n\n\n<h3 class=\"wp-block-heading\">\u00d6ffnungszeiten<\/h3>\n\n\n\n<p>Immer freitags zwischen 9:00 &#8211; 19:00 oder nach Vereinbarung.<\/p>\n\n\n\n<h2 class=\"wp-block-heading\">Anfahrt<\/h2>\n\n\n\n<p>Die Praxis ist bequem mit Bus oder Tram erreichbar. Die n\u00e4chste Haltestelle sind &#8222;Bern, Sulgenau&#8220; und &#8222;Bern, Monbijoubr\u00fccke&#8220;, von denen aus es nur wenige Gehminuten sind.<\/p>\n\n\n\n<link rel='stylesheet' id='osm-ol3-css-css' href='https:\/\/massagepraxis-leuzinger.ch\/site\/wp-content\/plugins\/osm\/js\/OL\/10.9.0\/ol.css?ver=6.9.4' media='all' \/>\n<link rel='stylesheet' id='osm-ol3-ext-css-css' href='https:\/\/massagepraxis-leuzinger.ch\/site\/wp-content\/plugins\/osm\/css\/osm_map_v3.css?ver=6.9.4' media='all' \/>\n<link rel='stylesheet' id='osm-map-css-css' href='https:\/\/massagepraxis-leuzinger.ch\/site\/wp-content\/plugins\/osm\/css\/osm_map.css?ver=6.9.4' media='all' \/>\n<script src=\"https:\/\/massagepraxis-leuzinger.ch\/site\/wp-includes\/js\/dist\/vendor\/wp-polyfill.min.js?ver=3.15.0\" id=\"wp-polyfill-js\"><\/script>\n<script src=\"https:\/\/massagepraxis-leuzinger.ch\/site\/wp-content\/plugins\/osm\/js\/OL\/10.9.0\/ol.js?ver=10.9.0\" id=\"osm-ol3-library-js\"><\/script>\n<script src=\"https:\/\/massagepraxis-leuzinger.ch\/site\/wp-content\/plugins\/osm\/js\/osm-v3-plugin-lib.js?ver=1.0.0\" id=\"osm-ol3-ext-library-js\"><\/script>\n<script src=\"https:\/\/massagepraxis-leuzinger.ch\/site\/wp-content\/plugins\/osm\/js\/osm-metabox-events.js?ver=1.0.0\" id=\"osm-ol3-metabox-events-js\"><\/script>\n<script src=\"https:\/\/massagepraxis-leuzinger.ch\/site\/wp-includes\/js\/jquery\/jquery.min.js?ver=3.7.1\" id=\"jquery-core-js\"><\/script>\n<script src=\"https:\/\/massagepraxis-leuzinger.ch\/site\/wp-includes\/js\/jquery\/jquery-migrate.min.js?ver=3.4.1\" id=\"jquery-migrate-js\"><\/script>\n<script id=\"osm-map-startup-js-extra\">\nvar translations = {\"openlayer\":\"open layer\",\"openlayerAtStartup\":\"open layer at startup\",\"generateLink\":\"link to this map with opened layers\",\"shortDescription\":\"short description\",\"generatedShortCode\":\"to get a text control link paste this code in your wordpress editor\",\"closeLayer\":\"close layer\",\"cantGenerateLink\":\"put this string in the existing map short code to control this map\"};\n\/\/# sourceURL=osm-map-startup-js-extra\n<\/script>\n<script src=\"https:\/\/massagepraxis-leuzinger.ch\/site\/wp-content\/plugins\/osm\/js\/osm-startup-lib.js?ver=V6.2.5\" id=\"osm-map-startup-js\"><\/script>\n\n        <div id=\"map_ol3js_1\"\n       class=\"osm-map-container undefined\"\n             data-map_name=\"undefined\"\n             data-map=\"map_ol3js_1\"\n             data-autoshow=\"no\"\n             style=\"width:95%;\n                    max-width:100%;\n                    height:650px;\n                    display:block;\n                    overflow:hidden;\n                    border:2px solid grey;\n                    position: relative;\">\n          <div id=\"map_ol3js_1_popup\" class=\"ol-popup\">\n            <a href=\"#\" id=\"map_ol3js_1_popup-closer\" class=\"ol-popup-closer\"><\/a>\n            <div id=\"map_ol3js_1_popup-content\"><\/div>\n          <\/div>\n        <\/div>\n    <script type=\"text\/javascript\">\n\t\t\t  vectorM['map_ol3js_1'] = [];\n\t        \n        var raster = getTileLayer(\"osm\",\"NoKey\");\t\t\t\n\n\t\t\t  var map_ol3js_1 = new ol.Map({\n\t\t\t\tinteractions: ol.interaction.defaults.defaults({mouseWheelZoom:false}),\n\t\t\t\tlayers: [raster],\n\t\t\t\ttarget: \"map_ol3js_1\",\n\t\t\t\tview: new ol.View({\n\t\t\t\t  center: ol.proj.transform([7.4431,46.9398], \"EPSG:4326\", \"EPSG:3857\"),\n\t\t\t\t  zoom: 17.0\n\t\t\t\t})\n\t\t\t  });\n\t\t\t  osm_addMarkerLayer(map_ol3js_1,7.4426,46.9397,\"https:\/\/massagepraxis-leuzinger.ch\/site\/wp-content\/plugins\/osm\/icons\/mic_blue_pinother_02.png\",-16,-41,\"<p><\/p>\") ; \naddControls2Map(map_ol3js_1,0,0,3,1,5,6,7,1,1);\nosm_addPopupClickhandler(map_ol3js_1,  \"map_ol3js_1\"); \nosm_addMouseHover(map_ol3js_1); <\/script>\n","protected":false},"excerpt":{"rendered":"<p>Ihr Weg zur Entspannung beginnt hier Haben Sie Fragen oder m\u00f6chten Sie einen Termin vereinbaren? Ich freue mich, von Ihnen zu h\u00f6ren! Meine Praxis befindet sich im Monbijou-Quartier in Bern und bietet Ihnen einen ruhigen, entspannten Ort f\u00fcr Ihre Auszeit. So erreichen Sie mich Adresse Massagepraxis Kammerbauer-Leuzinger* Andrea Kammerbauer-Leuzinger Eigerstrasse 70 3007 Bern *) Bei [&hellip;]<\/p>\n","protected":false},"author":1,"featured_media":0,"parent":0,"menu_order":0,"comment_status":"closed","ping_status":"closed","template":"","meta":{"footnotes":""},"class_list":["post-27","page","type-page","status-publish","hentry"],"yoast_head":"<!-- This site is optimized with the Yoast SEO Premium plugin v24.1 (Yoast SEO v24.9) - https:\/\/yoast.com\/wordpress\/plugins\/seo\/ -->\n<title>Kontakt - Massagepraxis Kammerbauer-Leuzinger<\/title>\n<meta name=\"description\" content=\"Kontaktieren Sie Ihre Massagepraxis im Monbijou-Quartier Bern f\u00fcr Termine und Fragen. Einfach erreichbar mit \u00d6V und Auto. Jetzt Kontakt aufnehmen!\" \/>\n<meta name=\"robots\" content=\"index, follow, max-snippet:-1, max-image-preview:large, max-video-preview:-1\" \/>\n<link rel=\"canonical\" href=\"https:\/\/massagepraxis-leuzinger.ch\/site\/kontakt\/\" \/>\n<meta property=\"og:locale\" content=\"de_DE\" \/>\n<meta property=\"og:type\" content=\"article\" \/>\n<meta property=\"og:title\" content=\"Kontakt\" \/>\n<meta property=\"og:description\" content=\"Kontaktieren Sie Ihre Massagepraxis im Monbijou-Quartier Bern f\u00fcr Termine und Fragen. Einfach erreichbar mit \u00d6V und Auto. Jetzt Kontakt aufnehmen!\" \/>\n<meta property=\"og:url\" content=\"https:\/\/massagepraxis-leuzinger.ch\/site\/kontakt\/\" \/>\n<meta property=\"og:site_name\" content=\"Massagepraxis Kammerbauer-Leuzinger\" \/>\n<meta property=\"article:modified_time\" content=\"2024-12-21T15:45:03+00:00\" \/>\n<meta name=\"twitter:card\" content=\"summary_large_image\" \/>\n<meta name=\"twitter:label1\" content=\"Gesch\u00e4tzte Lesezeit\" \/>\n\t<meta name=\"twitter:data1\" content=\"1\u00a0Minute\" \/>\n<script type=\"application\/ld+json\" class=\"yoast-schema-graph\">{\"@context\":\"https:\/\/schema.org\",\"@graph\":[{\"@type\":\"WebPage\",\"@id\":\"https:\/\/massagepraxis-leuzinger.ch\/site\/kontakt\/\",\"url\":\"https:\/\/massagepraxis-leuzinger.ch\/site\/kontakt\/\",\"name\":\"Kontakt - Massagepraxis Kammerbauer-Leuzinger\",\"isPartOf\":{\"@id\":\"https:\/\/massagepraxis-leuzinger.ch\/site\/#website\"},\"datePublished\":\"2023-03-13T06:07:07+00:00\",\"dateModified\":\"2024-12-21T15:45:03+00:00\",\"description\":\"Kontaktieren Sie Ihre Massagepraxis im Monbijou-Quartier Bern f\u00fcr Termine und Fragen. Einfach erreichbar mit \u00d6V und Auto. Jetzt Kontakt aufnehmen!\",\"breadcrumb\":{\"@id\":\"https:\/\/massagepraxis-leuzinger.ch\/site\/kontakt\/#breadcrumb\"},\"inLanguage\":\"de\",\"potentialAction\":[{\"@type\":\"ReadAction\",\"target\":[\"https:\/\/massagepraxis-leuzinger.ch\/site\/kontakt\/\"]}]},{\"@type\":\"BreadcrumbList\",\"@id\":\"https:\/\/massagepraxis-leuzinger.ch\/site\/kontakt\/#breadcrumb\",\"itemListElement\":[{\"@type\":\"ListItem\",\"position\":1,\"name\":\"Startseite\",\"item\":\"https:\/\/massagepraxis-leuzinger.ch\/site\/\"},{\"@type\":\"ListItem\",\"position\":2,\"name\":\"Kontakt\"}]},{\"@type\":\"WebSite\",\"@id\":\"https:\/\/massagepraxis-leuzinger.ch\/site\/#website\",\"url\":\"https:\/\/massagepraxis-leuzinger.ch\/site\/\",\"name\":\"Massagepraxis Kammerbauer-Leuzinger\",\"description\":\"Wohltuende Massagen geben dem K\u00f6rper Energie.\",\"potentialAction\":[{\"@type\":\"SearchAction\",\"target\":{\"@type\":\"EntryPoint\",\"urlTemplate\":\"https:\/\/massagepraxis-leuzinger.ch\/site\/?s={search_term_string}\"},\"query-input\":{\"@type\":\"PropertyValueSpecification\",\"valueRequired\":true,\"valueName\":\"search_term_string\"}}],\"inLanguage\":\"de\"}]}<\/script>\n<!-- \/ Yoast SEO Premium plugin. -->","yoast_head_json":{"title":"Kontakt - Massagepraxis Kammerbauer-Leuzinger","description":"Kontaktieren Sie Ihre Massagepraxis im Monbijou-Quartier Bern f\u00fcr Termine und Fragen. Einfach erreichbar mit \u00d6V und Auto. Jetzt Kontakt aufnehmen!","robots":{"index":"index","follow":"follow","max-snippet":"max-snippet:-1","max-image-preview":"max-image-preview:large","max-video-preview":"max-video-preview:-1"},"canonical":"https:\/\/massagepraxis-leuzinger.ch\/site\/kontakt\/","og_locale":"de_DE","og_type":"article","og_title":"Kontakt","og_description":"Kontaktieren Sie Ihre Massagepraxis im Monbijou-Quartier Bern f\u00fcr Termine und Fragen. Einfach erreichbar mit \u00d6V und Auto. Jetzt Kontakt aufnehmen!","og_url":"https:\/\/massagepraxis-leuzinger.ch\/site\/kontakt\/","og_site_name":"Massagepraxis Kammerbauer-Leuzinger","article_modified_time":"2024-12-21T15:45:03+00:00","twitter_card":"summary_large_image","twitter_misc":{"Gesch\u00e4tzte Lesezeit":"1\u00a0Minute"},"schema":{"@context":"https:\/\/schema.org","@graph":[{"@type":"WebPage","@id":"https:\/\/massagepraxis-leuzinger.ch\/site\/kontakt\/","url":"https:\/\/massagepraxis-leuzinger.ch\/site\/kontakt\/","name":"Kontakt - Massagepraxis Kammerbauer-Leuzinger","isPartOf":{"@id":"https:\/\/massagepraxis-leuzinger.ch\/site\/#website"},"datePublished":"2023-03-13T06:07:07+00:00","dateModified":"2024-12-21T15:45:03+00:00","description":"Kontaktieren Sie Ihre Massagepraxis im Monbijou-Quartier Bern f\u00fcr Termine und Fragen. Einfach erreichbar mit \u00d6V und Auto. Jetzt Kontakt aufnehmen!","breadcrumb":{"@id":"https:\/\/massagepraxis-leuzinger.ch\/site\/kontakt\/#breadcrumb"},"inLanguage":"de","potentialAction":[{"@type":"ReadAction","target":["https:\/\/massagepraxis-leuzinger.ch\/site\/kontakt\/"]}]},{"@type":"BreadcrumbList","@id":"https:\/\/massagepraxis-leuzinger.ch\/site\/kontakt\/#breadcrumb","itemListElement":[{"@type":"ListItem","position":1,"name":"Startseite","item":"https:\/\/massagepraxis-leuzinger.ch\/site\/"},{"@type":"ListItem","position":2,"name":"Kontakt"}]},{"@type":"WebSite","@id":"https:\/\/massagepraxis-leuzinger.ch\/site\/#website","url":"https:\/\/massagepraxis-leuzinger.ch\/site\/","name":"Massagepraxis Kammerbauer-Leuzinger","description":"Wohltuende Massagen geben dem K\u00f6rper Energie.","potentialAction":[{"@type":"SearchAction","target":{"@type":"EntryPoint","urlTemplate":"https:\/\/massagepraxis-leuzinger.ch\/site\/?s={search_term_string}"},"query-input":{"@type":"PropertyValueSpecification","valueRequired":true,"valueName":"search_term_string"}}],"inLanguage":"de"}]}},"_links":{"self":[{"href":"https:\/\/massagepraxis-leuzinger.ch\/site\/wp-json\/wp\/v2\/pages\/27","targetHints":{"allow":["GET"]}}],"collection":[{"href":"https:\/\/massagepraxis-leuzinger.ch\/site\/wp-json\/wp\/v2\/pages"}],"about":[{"href":"https:\/\/massagepraxis-leuzinger.ch\/site\/wp-json\/wp\/v2\/types\/page"}],"author":[{"embeddable":true,"href":"https:\/\/massagepraxis-leuzinger.ch\/site\/wp-json\/wp\/v2\/users\/1"}],"replies":[{"embeddable":true,"href":"https:\/\/massagepraxis-leuzinger.ch\/site\/wp-json\/wp\/v2\/comments?post=27"}],"version-history":[{"count":17,"href":"https:\/\/massagepraxis-leuzinger.ch\/site\/wp-json\/wp\/v2\/pages\/27\/revisions"}],"predecessor-version":[{"id":289,"href":"https:\/\/massagepraxis-leuzinger.ch\/site\/wp-json\/wp\/v2\/pages\/27\/revisions\/289"}],"wp:attachment":[{"href":"https:\/\/massagepraxis-leuzinger.ch\/site\/wp-json\/wp\/v2\/media?parent=27"}],"curies":[{"name":"wp","href":"https:\/\/api.w.org\/{rel}","templated":true}]}}