{"id":67,"date":"2023-03-16T11:26:25","date_gmt":"2023-03-16T10:26:25","guid":{"rendered":"https:\/\/massagepraxis-leuzinger.ch\/site\/?page_id=67"},"modified":"2024-12-21T16:40:14","modified_gmt":"2024-12-21T15:40:14","slug":"gutschein","status":"publish","type":"page","link":"https:\/\/massagepraxis-leuzinger.ch\/site\/gutschein\/","title":{"rendered":"Gutschein"},"content":{"rendered":"\n<h2 class=\"wp-block-heading\">Verschenken Sie Wohlbefinden: Massage-Gutscheine im Berner Monbijou<\/h2>\n\n\n\n<p>Eine Massage ist ein ideales Geschenk f\u00fcr jeden, unabh\u00e4ngig von Alter oder Geschlecht. Es ist eine wunderbare M\u00f6glichkeit, sich selbst oder jemand anderem etwas Gutes zu tun. Eine Massage kann helfen, Stress abzubauen, Schmerzen zu lindern und das Wohlbefinden zu steigern. G\u00f6nn dir selbst oder jemand anderem eine Auszeit und genie\u00dfe die wohltuende Wirkung einer Massage.<\/p>\n\n\n\n<p>Schenken Sie Entspannung und Gesundheit mit einem Massage-Gutschein aus meiner Praxis im Berner Monbijou-Quartier. Ob zum Geburtstag, Jubil\u00e4um oder einfach als liebevolle Geste \u2013 ein Massage-Gutschein ist das ideale Geschenk f\u00fcr jeden Anlass.<\/p>\n\n\n\n<h2 class=\"wp-block-heading\">Meine Angebote<\/h2>\n\n\n\n<p>W\u00e4hlen Sie aus einer Vielzahl von Massagen, die individuell auf die Bed\u00fcrfnisse des Beschenkten abgestimmt werden k\u00f6nnen:<\/p>\n\n\n\n<ul class=\"wp-block-list\">\n<li><strong>Klassische Massage:<\/strong> Ideal zur Entspannung und Lockerung der Muskulatur.<\/li>\n\n\n\n<li><strong>Schr\u00f6pfen:<\/strong> Traditionelle Methode zur F\u00f6rderung der Durchblutung und Linderung von Verspannungen.<\/li>\n\n\n\n<li><strong>Fussreflexzonenmassage:<\/strong> Aktiviert die Selbstheilungskr\u00e4fte und f\u00f6rdert das allgemeine Wohlbefinden.<\/li>\n\n\n\n<li><strong>Lomi Lomi Massage:<\/strong> Hawaiianische Massage f\u00fcr tiefgehende Entspannung und Harmonie.<\/li>\n\n\n\n<li><strong>Hot Stone Massage:<\/strong> Wohltuende W\u00e4rmebehandlung zur L\u00f6sung von Muskelverspannungen.<\/li>\n<\/ul>\n\n\n\n<h2 class=\"wp-block-heading\">So funktioniert&#8217;s<\/h2>\n\n\n\n<p><strong>Gutschein ausw\u00e4hlen:<\/strong> Bestimmen Sie die gew\u00fcnschte Dauer.<\/p>\n\n\n\n<p><strong>Bestellung:<\/strong> Kontaktieren Sie mich telefonisch, per SMS oder per E-Mail, um Ihren Gutschein zu bestellen.<\/p>\n\n\n\n<p><strong>Zahlung:<\/strong> Nach Bestelleingang erhalten Sie eine Best\u00e4tigung mit den Zahlungsdetails.<\/p>\n\n\n\n<p><strong>Versand:<\/strong> Nach Zahlungseingang sende ich Ihnen den pers\u00f6nlichen Gutschein per Post zu.<\/p>\n\n\n\n<h2 class=\"wp-block-heading\">Kontakt<\/h2>\n\n\n\n<p>Weitere Informationen erhalten Sie gerne <a href=\"https:\/\/massagepraxis-leuzinger.ch\/site\/kontakt\/\"><strong>telefonisch<\/strong><\/a>.\u00a0<\/p>\n\n\n\n<p><\/p>\n","protected":false},"excerpt":{"rendered":"<p>Verschenken Sie Wohlbefinden: Massage-Gutscheine im Berner Monbijou Eine Massage ist ein ideales Geschenk f\u00fcr jeden, unabh\u00e4ngig von Alter oder Geschlecht. Es ist eine wunderbare M\u00f6glichkeit, sich selbst oder jemand anderem etwas Gutes zu tun. Eine Massage kann helfen, Stress abzubauen, Schmerzen zu lindern und das Wohlbefinden zu steigern. G\u00f6nn dir selbst oder jemand anderem eine [&hellip;]<\/p>\n","protected":false},"author":1,"featured_media":0,"parent":0,"menu_order":0,"comment_status":"closed","ping_status":"closed","template":"","meta":{"footnotes":""},"class_list":["post-67","page","type-page","status-publish","hentry"],"yoast_head":"<!-- This site is optimized with the Yoast SEO Premium plugin v24.1 (Yoast SEO v24.9) - https:\/\/yoast.com\/wordpress\/plugins\/seo\/ -->\n<title>Gutschein - Massagepraxis Kammerbauer-Leuzinger<\/title>\n<meta name=\"description\" content=\"Verschenken Sie Entspannung mit einem Massage-Gutschein aus unserer Praxis im Berner Monbijou-Quartier. Ideal f\u00fcr jeden Anlass. Jetzt informieren und bestellen!\" \/>\n<meta name=\"robots\" content=\"index, follow, max-snippet:-1, max-image-preview:large, max-video-preview:-1\" \/>\n<link rel=\"canonical\" href=\"https:\/\/massagepraxis-leuzinger.ch\/site\/gutschein\/\" \/>\n<meta property=\"og:locale\" content=\"de_DE\" \/>\n<meta property=\"og:type\" content=\"article\" \/>\n<meta property=\"og:title\" content=\"Gutschein\" \/>\n<meta property=\"og:description\" content=\"Verschenken Sie Entspannung mit einem Massage-Gutschein aus unserer Praxis im Berner Monbijou-Quartier. Ideal f\u00fcr jeden Anlass. Jetzt informieren und bestellen!\" \/>\n<meta property=\"og:url\" content=\"https:\/\/massagepraxis-leuzinger.ch\/site\/gutschein\/\" \/>\n<meta property=\"og:site_name\" content=\"Massagepraxis Kammerbauer-Leuzinger\" \/>\n<meta property=\"article:modified_time\" content=\"2024-12-21T15:40:14+00:00\" \/>\n<meta name=\"twitter:card\" content=\"summary_large_image\" \/>\n<meta name=\"twitter:label1\" content=\"Gesch\u00e4tzte Lesezeit\" \/>\n\t<meta name=\"twitter:data1\" content=\"2\u00a0Minuten\" \/>\n<script type=\"application\/ld+json\" class=\"yoast-schema-graph\">{\"@context\":\"https:\/\/schema.org\",\"@graph\":[{\"@type\":\"WebPage\",\"@id\":\"https:\/\/massagepraxis-leuzinger.ch\/site\/gutschein\/\",\"url\":\"https:\/\/massagepraxis-leuzinger.ch\/site\/gutschein\/\",\"name\":\"Gutschein - Massagepraxis Kammerbauer-Leuzinger\",\"isPartOf\":{\"@id\":\"https:\/\/massagepraxis-leuzinger.ch\/site\/#website\"},\"datePublished\":\"2023-03-16T10:26:25+00:00\",\"dateModified\":\"2024-12-21T15:40:14+00:00\",\"description\":\"Verschenken Sie Entspannung mit einem Massage-Gutschein aus unserer Praxis im Berner Monbijou-Quartier. Ideal f\u00fcr jeden Anlass. Jetzt informieren und bestellen!\",\"breadcrumb\":{\"@id\":\"https:\/\/massagepraxis-leuzinger.ch\/site\/gutschein\/#breadcrumb\"},\"inLanguage\":\"de\",\"potentialAction\":[{\"@type\":\"ReadAction\",\"target\":[\"https:\/\/massagepraxis-leuzinger.ch\/site\/gutschein\/\"]}]},{\"@type\":\"BreadcrumbList\",\"@id\":\"https:\/\/massagepraxis-leuzinger.ch\/site\/gutschein\/#breadcrumb\",\"itemListElement\":[{\"@type\":\"ListItem\",\"position\":1,\"name\":\"Startseite\",\"item\":\"https:\/\/massagepraxis-leuzinger.ch\/site\/\"},{\"@type\":\"ListItem\",\"position\":2,\"name\":\"Gutschein\"}]},{\"@type\":\"WebSite\",\"@id\":\"https:\/\/massagepraxis-leuzinger.ch\/site\/#website\",\"url\":\"https:\/\/massagepraxis-leuzinger.ch\/site\/\",\"name\":\"Massagepraxis Kammerbauer-Leuzinger\",\"description\":\"Wohltuende Massagen geben dem K\u00f6rper Energie.\",\"potentialAction\":[{\"@type\":\"SearchAction\",\"target\":{\"@type\":\"EntryPoint\",\"urlTemplate\":\"https:\/\/massagepraxis-leuzinger.ch\/site\/?s={search_term_string}\"},\"query-input\":{\"@type\":\"PropertyValueSpecification\",\"valueRequired\":true,\"valueName\":\"search_term_string\"}}],\"inLanguage\":\"de\"}]}<\/script>\n<!-- \/ Yoast SEO Premium plugin. -->","yoast_head_json":{"title":"Gutschein - Massagepraxis Kammerbauer-Leuzinger","description":"Verschenken Sie Entspannung mit einem Massage-Gutschein aus unserer Praxis im Berner Monbijou-Quartier. Ideal f\u00fcr jeden Anlass. Jetzt informieren und bestellen!","robots":{"index":"index","follow":"follow","max-snippet":"max-snippet:-1","max-image-preview":"max-image-preview:large","max-video-preview":"max-video-preview:-1"},"canonical":"https:\/\/massagepraxis-leuzinger.ch\/site\/gutschein\/","og_locale":"de_DE","og_type":"article","og_title":"Gutschein","og_description":"Verschenken Sie Entspannung mit einem Massage-Gutschein aus unserer Praxis im Berner Monbijou-Quartier. Ideal f\u00fcr jeden Anlass. Jetzt informieren und bestellen!","og_url":"https:\/\/massagepraxis-leuzinger.ch\/site\/gutschein\/","og_site_name":"Massagepraxis Kammerbauer-Leuzinger","article_modified_time":"2024-12-21T15:40:14+00:00","twitter_card":"summary_large_image","twitter_misc":{"Gesch\u00e4tzte Lesezeit":"2\u00a0Minuten"},"schema":{"@context":"https:\/\/schema.org","@graph":[{"@type":"WebPage","@id":"https:\/\/massagepraxis-leuzinger.ch\/site\/gutschein\/","url":"https:\/\/massagepraxis-leuzinger.ch\/site\/gutschein\/","name":"Gutschein - Massagepraxis Kammerbauer-Leuzinger","isPartOf":{"@id":"https:\/\/massagepraxis-leuzinger.ch\/site\/#website"},"datePublished":"2023-03-16T10:26:25+00:00","dateModified":"2024-12-21T15:40:14+00:00","description":"Verschenken Sie Entspannung mit einem Massage-Gutschein aus unserer Praxis im Berner Monbijou-Quartier. Ideal f\u00fcr jeden Anlass. Jetzt informieren und bestellen!","breadcrumb":{"@id":"https:\/\/massagepraxis-leuzinger.ch\/site\/gutschein\/#breadcrumb"},"inLanguage":"de","potentialAction":[{"@type":"ReadAction","target":["https:\/\/massagepraxis-leuzinger.ch\/site\/gutschein\/"]}]},{"@type":"BreadcrumbList","@id":"https:\/\/massagepraxis-leuzinger.ch\/site\/gutschein\/#breadcrumb","itemListElement":[{"@type":"ListItem","position":1,"name":"Startseite","item":"https:\/\/massagepraxis-leuzinger.ch\/site\/"},{"@type":"ListItem","position":2,"name":"Gutschein"}]},{"@type":"WebSite","@id":"https:\/\/massagepraxis-leuzinger.ch\/site\/#website","url":"https:\/\/massagepraxis-leuzinger.ch\/site\/","name":"Massagepraxis Kammerbauer-Leuzinger","description":"Wohltuende Massagen geben dem K\u00f6rper Energie.","potentialAction":[{"@type":"SearchAction","target":{"@type":"EntryPoint","urlTemplate":"https:\/\/massagepraxis-leuzinger.ch\/site\/?s={search_term_string}"},"query-input":{"@type":"PropertyValueSpecification","valueRequired":true,"valueName":"search_term_string"}}],"inLanguage":"de"}]}},"_links":{"self":[{"href":"https:\/\/massagepraxis-leuzinger.ch\/site\/wp-json\/wp\/v2\/pages\/67","targetHints":{"allow":["GET"]}}],"collection":[{"href":"https:\/\/massagepraxis-leuzinger.ch\/site\/wp-json\/wp\/v2\/pages"}],"about":[{"href":"https:\/\/massagepraxis-leuzinger.ch\/site\/wp-json\/wp\/v2\/types\/page"}],"author":[{"embeddable":true,"href":"https:\/\/massagepraxis-leuzinger.ch\/site\/wp-json\/wp\/v2\/users\/1"}],"replies":[{"embeddable":true,"href":"https:\/\/massagepraxis-leuzinger.ch\/site\/wp-json\/wp\/v2\/comments?post=67"}],"version-history":[{"count":6,"href":"https:\/\/massagepraxis-leuzinger.ch\/site\/wp-json\/wp\/v2\/pages\/67\/revisions"}],"predecessor-version":[{"id":284,"href":"https:\/\/massagepraxis-leuzinger.ch\/site\/wp-json\/wp\/v2\/pages\/67\/revisions\/284"}],"wp:attachment":[{"href":"https:\/\/massagepraxis-leuzinger.ch\/site\/wp-json\/wp\/v2\/media?parent=67"}],"curies":[{"name":"wp","href":"https:\/\/api.w.org\/{rel}","templated":true}]}}